{"id":7,"date":"2018-02-16T11:43:01","date_gmt":"2018-02-16T10:43:01","guid":{"rendered":"http:\/\/ecojardindesgrivauds.fr\/?page_id=7"},"modified":"2021-02-17T22:06:57","modified_gmt":"2021-02-17T21:06:57","slug":"accueil","status":"publish","type":"page","link":"https:\/\/ecojardindesgrivauds.fr\/","title":{"rendered":"Accueil"},"content":{"rendered":"<p>Bienvenue sur le site de l&rsquo;\u00c9cojardin des Grivauds, l\u00e9gumes bio de saison, cultiv\u00e9s dans l&rsquo;Allier sur Sol Vivant (technique MSV)<\/p>\n","protected":false},"excerpt":{"rendered":"<p>Bienvenue sur le site de l&rsquo;\u00c9cojardin des Grivauds, l\u00e9gumes bio de saison, cultiv\u00e9s dans l&rsquo;Allier sur Sol Vivant (technique MSV)<\/p>\n","protected":false},"author":1,"featured_media":0,"parent":0,"menu_order":0,"comment_status":"closed","ping_status":"closed","template":"","meta":{"ngg_post_thumbnail":0},"_links":{"self":[{"href":"https:\/\/ecojardindesgrivauds.fr\/index.php?rest_route=\/wp\/v2\/pages\/7"}],"collection":[{"href":"https:\/\/ecojardindesgrivauds.fr\/index.php?rest_route=\/wp\/v2\/pages"}],"about":[{"href":"https:\/\/ecojardindesgrivauds.fr\/index.php?rest_route=\/wp\/v2\/types\/page"}],"author":[{"embeddable":true,"href":"https:\/\/ecojardindesgrivauds.fr\/index.php?rest_route=\/wp\/v2\/users\/1"}],"replies":[{"embeddable":true,"href":"https:\/\/ecojardindesgrivauds.fr\/index.php?rest_route=%2Fwp%2Fv2%2Fcomments&post=7"}],"version-history":[{"count":3,"href":"https:\/\/ecojardindesgrivauds.fr\/index.php?rest_route=\/wp\/v2\/pages\/7\/revisions"}],"predecessor-version":[{"id":6985,"href":"https:\/\/ecojardindesgrivauds.fr\/index.php?rest_route=\/wp\/v2\/pages\/7\/revisions\/6985"}],"wp:attachment":[{"href":"https:\/\/ecojardindesgrivauds.fr\/index.php?rest_route=%2Fwp%2Fv2%2Fmedia&parent=7"}],"curies":[{"name":"wp","href":"https:\/\/api.w.org\/{rel}","templated":true}]}}