{"id":8,"date":"2018-02-16T11:43:01","date_gmt":"2018-02-16T10:43:01","guid":{"rendered":"http:\/\/ecojardindesgrivauds.fr\/?page_id=8"},"modified":"2021-02-17T22:06:27","modified_gmt":"2021-02-17T21:06:27","slug":"a-propos-de","status":"publish","type":"page","link":"https:\/\/ecojardindesgrivauds.fr\/?page_id=8","title":{"rendered":"\u00c0 propos du jardin"},"content":{"rendered":"<p><img decoding=\"async\" loading=\"lazy\" class=\"alignright size-medium wp-image-536\" src=\"http:\/\/ecojardindesgrivauds.fr\/wp-content\/uploads\/2018\/04\/2018-04-06_16-54-31-300x225.jpg\" alt=\"\" width=\"300\" height=\"225\" srcset=\"https:\/\/ecojardindesgrivauds.fr\/wp-content\/uploads\/2018\/04\/2018-04-06_16-54-31-300x225.jpg 300w, https:\/\/ecojardindesgrivauds.fr\/wp-content\/uploads\/2018\/04\/2018-04-06_16-54-31-768x576.jpg 768w, https:\/\/ecojardindesgrivauds.fr\/wp-content\/uploads\/2018\/04\/2018-04-06_16-54-31-1024x768.jpg 1024w, https:\/\/ecojardindesgrivauds.fr\/wp-content\/uploads\/2018\/04\/2018-04-06_16-54-31.jpg 1280w\" sizes=\"(max-width: 300px) 100vw, 300px\" \/><\/p>\n<p>Situ\u00e9s dans le nord de l&rsquo;<strong>Allier<\/strong>, sur un petit terrain d&rsquo;environ 8000 m2, nous cultivons des l\u00e9gumes en utilisant les techniques du MSV (Mara\u00eechage sur Sol Vivant). Nos sols sont <strong>int\u00e9gralement paill\u00e9s<\/strong> et nous ne les travaillons plus depuis 2016. La vie de nos sols, riches en vers de terre et en micro-faune, nous permet de r\u00e9duire au maximum les intrants et de pr\u00e9tendre \u00e0 terme devenir auto-fertiles. Par notre pratique, nous cherchons \u00e0 favoriser la <strong>biodiversit\u00e9<\/strong> de nos parcelles ; de fait, le jardin rec\u00e8le d\u00e9j\u00e0 d&rsquo;une flore et d&rsquo;une faune extr\u00eamement riches !<\/p>\n<p><strong><img decoding=\"async\" loading=\"lazy\" class=\"size-medium wp-image-374 alignleft\" src=\"http:\/\/ecojardindesgrivauds.fr\/wp-content\/uploads\/2018\/03\/2018-03-24_16-41-36-300x225.jpg\" alt=\"\" width=\"300\" height=\"225\" srcset=\"https:\/\/ecojardindesgrivauds.fr\/wp-content\/uploads\/2018\/03\/2018-03-24_16-41-36-300x225.jpg 300w, https:\/\/ecojardindesgrivauds.fr\/wp-content\/uploads\/2018\/03\/2018-03-24_16-41-36-768x576.jpg 768w, https:\/\/ecojardindesgrivauds.fr\/wp-content\/uploads\/2018\/03\/2018-03-24_16-41-36-1024x768.jpg 1024w, https:\/\/ecojardindesgrivauds.fr\/wp-content\/uploads\/2018\/03\/2018-03-24_16-41-36.jpg 1280w\" sizes=\"(max-width: 300px) 100vw, 300px\" \/>Nous faisons tous nos plants nous-m\u00eames<\/strong>, garantissant ainsi \u00e0 nos clients un choix de l\u00e9gumes vari\u00e9s, savoureux et adapt\u00e9s \u00e0 notre climat. Convaincus de l&rsquo;importance des <strong>circuits courts<\/strong>, nous avons fait le choix de vendre notre production uniquement \u00e0 proximit\u00e9, aux Amap de Bourbon-Lancy et de Dompierre, et sur le march\u00e9 de Vichy, le samedi matin.<\/p>\n<p>L&rsquo;\u00c9coJardin des Grivauds peut \u00eatre visit\u00e9 sur simple demande. Mieux encore, nous accueillons des <strong>wwoofers<\/strong> et des stagiaires : nous sommes extr\u00eamement avides de partager notre pratique !<\/p>\n<p>Dans les ann\u00e9es qui viennent, nous souhaitons installer des haies fruiti\u00e8res \u00e0 l&rsquo;int\u00e9rieur de nos champs.<\/p>\n","protected":false},"excerpt":{"rendered":"<p>Situ\u00e9s dans le nord de l&rsquo;Allier, sur un petit terrain d&rsquo;environ 8000 m2, nous cultivons des l\u00e9gumes en utilisant les techniques du MSV (Mara\u00eechage sur Sol Vivant). Nos sols sont int\u00e9gralement paill\u00e9s et nous ne les travaillons plus depuis 2016. La vie de nos sols, riches en vers de terre et en micro-faune, nous permet &hellip; <\/p>\n<p class=\"link-more\"><a href=\"https:\/\/ecojardindesgrivauds.fr\/?page_id=8\" class=\"more-link\">Continuer la lecture<span class=\"screen-reader-text\"> de &laquo;&nbsp;\u00c0 propos du jardin&nbsp;&raquo;<\/span><\/a><\/p>\n","protected":false},"author":1,"featured_media":1894,"parent":0,"menu_order":0,"comment_status":"closed","ping_status":"closed","template":"","meta":{"ngg_post_thumbnail":0},"_links":{"self":[{"href":"https:\/\/ecojardindesgrivauds.fr\/index.php?rest_route=\/wp\/v2\/pages\/8"}],"collection":[{"href":"https:\/\/ecojardindesgrivauds.fr\/index.php?rest_route=\/wp\/v2\/pages"}],"about":[{"href":"https:\/\/ecojardindesgrivauds.fr\/index.php?rest_route=\/wp\/v2\/types\/page"}],"author":[{"embeddable":true,"href":"https:\/\/ecojardindesgrivauds.fr\/index.php?rest_route=\/wp\/v2\/users\/1"}],"replies":[{"embeddable":true,"href":"https:\/\/ecojardindesgrivauds.fr\/index.php?rest_route=%2Fwp%2Fv2%2Fcomments&post=8"}],"version-history":[{"count":12,"href":"https:\/\/ecojardindesgrivauds.fr\/index.php?rest_route=\/wp\/v2\/pages\/8\/revisions"}],"predecessor-version":[{"id":6984,"href":"https:\/\/ecojardindesgrivauds.fr\/index.php?rest_route=\/wp\/v2\/pages\/8\/revisions\/6984"}],"wp:featuredmedia":[{"embeddable":true,"href":"https:\/\/ecojardindesgrivauds.fr\/index.php?rest_route=\/wp\/v2\/media\/1894"}],"wp:attachment":[{"href":"https:\/\/ecojardindesgrivauds.fr\/index.php?rest_route=%2Fwp%2Fv2%2Fmedia&parent=8"}],"curies":[{"name":"wp","href":"https:\/\/api.w.org\/{rel}","templated":true}]}}